{"id":32,"date":"2022-06-09T08:15:09","date_gmt":"2022-06-09T06:15:09","guid":{"rendered":"https:\/\/plumes.agency\/?page_id=32"},"modified":"2024-05-13T14:34:36","modified_gmt":"2024-05-13T12:34:36","slug":"prestations","status":"publish","type":"page","link":"https:\/\/plumes.agency\/index.php\/prestations\/","title":{"rendered":"Prestations"},"content":{"rendered":"\t\t<div data-elementor-type=\"wp-page\" data-elementor-id=\"32\" class=\"elementor elementor-32\" data-elementor-post-type=\"page\">\n\t\t\t\t<div class=\"elementor-element elementor-element-73472ec e-flex e-con-boxed e-con e-parent\" data-id=\"73472ec\" data-element_type=\"container\">\n\t\t\t\t\t<div class=\"e-con-inner\">\n\t\t\t\t<div class=\"elementor-element elementor-element-8db38e3 elementor-widget elementor-widget-heading\" data-id=\"8db38e3\" data-element_type=\"widget\" data-widget_type=\"heading.default\">\n\t\t\t\t<div class=\"elementor-widget-container\">\n\t\t\t\t\t<h1 class=\"elementor-heading-title elementor-size-default\">Prestations<\/h1>\t\t\t\t<\/div>\n\t\t\t\t<\/div>\n\t\t\t\t\t<\/div>\n\t\t\t\t<\/div>\n\t\t<div class=\"elementor-element elementor-element-9afcf7c e-flex e-con-boxed e-con e-parent\" data-id=\"9afcf7c\" data-element_type=\"container\">\n\t\t\t\t\t<div class=\"e-con-inner\">\n\t\t\t\t<div class=\"elementor-element elementor-element-7159828 elementor-widget elementor-widget-text-editor\" data-id=\"7159828\" data-element_type=\"widget\" data-widget_type=\"text-editor.default\">\n\t\t\t\t<div class=\"elementor-widget-container\">\n\t\t\t\t\t\t\t\t\t<p>\u201cBe yourself ; everyone else is already taken.\u201d<br \/>Oscar Wilde<\/p>\t\t\t\t\t\t\t\t<\/div>\n\t\t\t\t<\/div>\n\t\t\t\t<div class=\"elementor-element elementor-element-8b46626 elementor-widget elementor-widget-text-editor\" data-id=\"8b46626\" data-element_type=\"widget\" data-widget_type=\"text-editor.default\">\n\t\t\t\t<div class=\"elementor-widget-container\">\n\t\t\t\t\t\t\t\t\t<p>R\u00e9dactionnel. Communication. Accompagnement administratif. Du sur-mesure adapt\u00e9 \u00e0 vos attentes et vos probl\u00e9matiques. Qu\u2019il s\u2019agisse de quelques heures par semaine ou par mois, d\u2019un projet ponctuel ou d\u2019un besoin \u00e0 long terme, nous mettons \u00e0 votre disposition de multiples options pour vous seconder&#8230;<\/p>\t\t\t\t\t\t\t\t<\/div>\n\t\t\t\t<\/div>\n\t\t\t\t\t<\/div>\n\t\t\t\t<\/div>\n\t\t<div class=\"elementor-element elementor-element-d14ad71 e-flex e-con-boxed e-con e-parent\" data-id=\"d14ad71\" data-element_type=\"container\">\n\t\t\t\t\t<div class=\"e-con-inner\">\n\t\t<div class=\"elementor-element elementor-element-d3de6ed e-con-full e-flex elementor-invisible e-con e-child\" data-id=\"d3de6ed\" data-element_type=\"container\" data-settings=\"{&quot;background_background&quot;:&quot;classic&quot;,&quot;animation&quot;:&quot;fadeInLeft&quot;}\">\n\t\t\t\t<div class=\"elementor-element elementor-element-025b531 elementor-widget elementor-widget-heading\" data-id=\"025b531\" data-element_type=\"widget\" data-widget_type=\"heading.default\">\n\t\t\t\t<div class=\"elementor-widget-container\">\n\t\t\t\t\t<h3 class=\"elementor-heading-title elementor-size-default\">R\u00e9dactionnel<\/h3>\t\t\t\t<\/div>\n\t\t\t\t<\/div>\n\t\t\t\t<div class=\"elementor-element elementor-element-44c0c76 elementor-widget elementor-widget-text-editor\" data-id=\"44c0c76\" data-element_type=\"widget\" data-widget_type=\"text-editor.default\">\n\t\t\t\t<div class=\"elementor-widget-container\">\n\t\t\t\t\t\t\t\t\t<ul class=\"_list\"><li>Trouver les bons mots pour parler de vous.<\/li><li>R\u00e9daction d\u2019une pr\u00e9sentation entreprise et des activit\u00e9s associ\u00e9es, de votre actualit\u00e9.<\/li><li>R\u00e9daction d\u2019articles, de dossiers, de communiqu\u00e9s.<\/li><li>Prise de brief et r\u00e9daction de t\u00e9moignages clients.<\/li><li>Reportage sur vos chantiers, au sein de votre structure, chez vos clients,\u2026<\/li><\/ul>\t\t\t\t\t\t\t\t<\/div>\n\t\t\t\t<\/div>\n\t\t\t\t<\/div>\n\t\t<div class=\"elementor-element elementor-element-9389cb2 e-con-full e-flex elementor-invisible e-con e-child\" data-id=\"9389cb2\" data-element_type=\"container\" data-settings=\"{&quot;position&quot;:&quot;absolute&quot;,&quot;animation&quot;:&quot;fadeInRight&quot;}\">\n\t\t\t\t<div class=\"elementor-element elementor-element-8b54338 elementor-widget elementor-widget-image\" data-id=\"8b54338\" data-element_type=\"widget\" data-widget_type=\"image.default\">\n\t\t\t\t<div class=\"elementor-widget-container\">\n\t\t\t\t\t\t\t\t\t\t\t\t\t\t\t<img fetchpriority=\"high\" decoding=\"async\" width=\"800\" height=\"500\" src=\"https:\/\/plumes.agency\/wp-content\/uploads\/2022\/06\/jess-bailey-unsplash.jpg\" class=\"attachment-large size-large wp-image-515\" alt=\"\" srcset=\"https:\/\/plumes.agency\/wp-content\/uploads\/2022\/06\/jess-bailey-unsplash.jpg 800w, https:\/\/plumes.agency\/wp-content\/uploads\/2022\/06\/jess-bailey-unsplash-300x188.jpg 300w, https:\/\/plumes.agency\/wp-content\/uploads\/2022\/06\/jess-bailey-unsplash-768x480.jpg 768w\" sizes=\"(max-width: 800px) 100vw, 800px\" \/>\t\t\t\t\t\t\t\t\t\t\t\t\t\t\t<\/div>\n\t\t\t\t<\/div>\n\t\t\t\t<\/div>\n\t\t\t\t\t<\/div>\n\t\t\t\t<\/div>\n\t\t<div class=\"elementor-element elementor-element-42805ce e-flex e-con-boxed e-con e-parent\" data-id=\"42805ce\" data-element_type=\"container\">\n\t\t\t\t\t<div class=\"e-con-inner\">\n\t\t<div class=\"elementor-element elementor-element-9bc4f29 e-con-full e-flex elementor-invisible e-con e-child\" data-id=\"9bc4f29\" data-element_type=\"container\" data-settings=\"{&quot;background_background&quot;:&quot;classic&quot;,&quot;animation&quot;:&quot;fadeInRight&quot;}\">\n\t\t\t\t<div class=\"elementor-element elementor-element-d6cf450 elementor-widget elementor-widget-heading\" data-id=\"d6cf450\" data-element_type=\"widget\" data-widget_type=\"heading.default\">\n\t\t\t\t<div class=\"elementor-widget-container\">\n\t\t\t\t\t<h3 class=\"elementor-heading-title elementor-size-default\">Communication<\/h3>\t\t\t\t<\/div>\n\t\t\t\t<\/div>\n\t\t\t\t<div class=\"elementor-element elementor-element-1116b0b elementor-widget elementor-widget-text-editor\" data-id=\"1116b0b\" data-element_type=\"widget\" data-widget_type=\"text-editor.default\">\n\t\t\t\t<div class=\"elementor-widget-container\">\n\t\t\t\t\t\t\t\t\t<ul><li>Cr\u00e9ation et animation de comptes r\u00e9seaux sociaux : Instagram, Twitter, TikTok, Pinterest\u2026 R\u00e9daction de posts textes, images et vid\u00e9os, veille march\u00e9. Choisissez vos canaux de communication, nous nous chargeons du reste.<\/li><li>Animation d\u2019une page actualit\u00e9s sur votre site web.<\/li><li>Accompagnement dans l\u2019organisation d\u2019\u00e9v\u00e9nements \u00e0 destination de vos clients, collaborateurs, fournisseurs, co-traitants,\u2026<\/li><li>Gestion de projet ponctuel, ou \u00e0 long terme.<\/li><\/ul>\t\t\t\t\t\t\t\t<\/div>\n\t\t\t\t<\/div>\n\t\t\t\t<\/div>\n\t\t<div class=\"elementor-element elementor-element-82abee8 e-con-full e-flex elementor-invisible e-con e-child\" data-id=\"82abee8\" data-element_type=\"container\" data-settings=\"{&quot;position&quot;:&quot;absolute&quot;,&quot;animation&quot;:&quot;fadeInLeft&quot;}\">\n\t\t\t\t<div class=\"elementor-element elementor-element-a306006 elementor-widget elementor-widget-image\" data-id=\"a306006\" data-element_type=\"widget\" data-widget_type=\"image.default\">\n\t\t\t\t<div class=\"elementor-widget-container\">\n\t\t\t\t\t\t\t\t\t\t\t\t\t\t\t<img decoding=\"async\" width=\"800\" height=\"500\" src=\"https:\/\/plumes.agency\/wp-content\/uploads\/2022\/06\/pile-of-3d-natanaelginting.jpg\" class=\"attachment-large size-large wp-image-558\" alt=\"\" srcset=\"https:\/\/plumes.agency\/wp-content\/uploads\/2022\/06\/pile-of-3d-natanaelginting.jpg 800w, https:\/\/plumes.agency\/wp-content\/uploads\/2022\/06\/pile-of-3d-natanaelginting-300x188.jpg 300w, https:\/\/plumes.agency\/wp-content\/uploads\/2022\/06\/pile-of-3d-natanaelginting-768x480.jpg 768w\" sizes=\"(max-width: 800px) 100vw, 800px\" \/>\t\t\t\t\t\t\t\t\t\t\t\t\t\t\t<\/div>\n\t\t\t\t<\/div>\n\t\t\t\t<\/div>\n\t\t\t\t\t<\/div>\n\t\t\t\t<\/div>\n\t\t<div class=\"elementor-element elementor-element-5ff3c5e e-flex e-con-boxed e-con e-parent\" data-id=\"5ff3c5e\" data-element_type=\"container\">\n\t\t\t\t\t<div class=\"e-con-inner\">\n\t\t<div class=\"elementor-element elementor-element-3be4368 e-con-full e-flex elementor-invisible e-con e-child\" data-id=\"3be4368\" data-element_type=\"container\" data-settings=\"{&quot;background_background&quot;:&quot;classic&quot;,&quot;animation&quot;:&quot;fadeInLeft&quot;}\">\n\t\t\t\t<div class=\"elementor-element elementor-element-8a21b47 elementor-widget elementor-widget-heading\" data-id=\"8a21b47\" data-element_type=\"widget\" data-widget_type=\"heading.default\">\n\t\t\t\t<div class=\"elementor-widget-container\">\n\t\t\t\t\t<h3 class=\"elementor-heading-title elementor-size-default\">Accompagnement administratif<\/h3>\t\t\t\t<\/div>\n\t\t\t\t<\/div>\n\t\t\t\t<div class=\"elementor-element elementor-element-9931385 elementor-widget elementor-widget-text-editor\" data-id=\"9931385\" data-element_type=\"widget\" data-widget_type=\"text-editor.default\">\n\t\t\t\t<div class=\"elementor-widget-container\">\n\t\t\t\t\t\t\t\t\t<ul class=\"_list\"><li>Vous assister dans votre quotidien en r\u00e9alisant les t\u00e2ches n\u00e9cessaires \u00e0 la continuit\u00e9 de votre activit\u00e9 mais n\u2019apportant \u00e0 votre business pas de valeur ajout\u00e9e.<br \/>L\u2019objectif : vous d\u00e9gager du temps pour faire ce qui vous anime : cr\u00e9er, inventer, d\u00e9velopper, commercialiser, vendre, innover, accompagner vos clients,\u2026<\/li><\/ul>\t\t\t\t\t\t\t\t<\/div>\n\t\t\t\t<\/div>\n\t\t\t\t<\/div>\n\t\t<div class=\"elementor-element elementor-element-af94810 e-con-full e-flex elementor-invisible e-con e-child\" data-id=\"af94810\" data-element_type=\"container\" data-settings=\"{&quot;position&quot;:&quot;absolute&quot;,&quot;animation&quot;:&quot;fadeInRight&quot;}\">\n\t\t\t\t<div class=\"elementor-element elementor-element-576e633 elementor-widget elementor-widget-image\" data-id=\"576e633\" data-element_type=\"widget\" data-widget_type=\"image.default\">\n\t\t\t\t<div class=\"elementor-widget-container\">\n\t\t\t\t\t\t\t\t\t\t\t\t\t\t\t<img decoding=\"async\" width=\"800\" height=\"500\" src=\"https:\/\/plumes.agency\/wp-content\/uploads\/2022\/06\/firmbee-com-unsplash.jpg\" class=\"attachment-large size-large wp-image-559\" alt=\"\" srcset=\"https:\/\/plumes.agency\/wp-content\/uploads\/2022\/06\/firmbee-com-unsplash.jpg 800w, https:\/\/plumes.agency\/wp-content\/uploads\/2022\/06\/firmbee-com-unsplash-300x188.jpg 300w, https:\/\/plumes.agency\/wp-content\/uploads\/2022\/06\/firmbee-com-unsplash-768x480.jpg 768w\" sizes=\"(max-width: 800px) 100vw, 800px\" \/>\t\t\t\t\t\t\t\t\t\t\t\t\t\t\t<\/div>\n\t\t\t\t<\/div>\n\t\t\t\t<\/div>\n\t\t\t\t\t<\/div>\n\t\t\t\t<\/div>\n\t\t<div class=\"elementor-element elementor-element-7311cd3 e-flex e-con-boxed e-con e-parent\" data-id=\"7311cd3\" data-element_type=\"container\">\n\t\t\t\t\t<div class=\"e-con-inner\">\n\t\t<div class=\"elementor-element elementor-element-eb7f494 e-flex e-con-boxed e-con e-child\" data-id=\"eb7f494\" data-element_type=\"container\">\n\t\t\t\t\t<div class=\"e-con-inner\">\n\t\t\t\t<div class=\"elementor-element elementor-element-2199132 elementor-widget elementor-widget-image\" data-id=\"2199132\" data-element_type=\"widget\" data-widget_type=\"image.default\">\n\t\t\t\t<div class=\"elementor-widget-container\">\n\t\t\t\t\t\t\t\t\t\t\t\t\t\t\t<img loading=\"lazy\" decoding=\"async\" width=\"300\" height=\"300\" src=\"https:\/\/plumes.agency\/wp-content\/uploads\/2022\/06\/esperluete-300x300.png\" class=\"attachment-medium size-medium wp-image-564\" alt=\"\" srcset=\"https:\/\/plumes.agency\/wp-content\/uploads\/2022\/06\/esperluete-300x300.png 300w, https:\/\/plumes.agency\/wp-content\/uploads\/2022\/06\/esperluete-150x150.png 150w, https:\/\/plumes.agency\/wp-content\/uploads\/2022\/06\/esperluete.png 512w\" sizes=\"(max-width: 300px) 100vw, 300px\" \/>\t\t\t\t\t\t\t\t\t\t\t\t\t\t\t<\/div>\n\t\t\t\t<\/div>\n\t\t\t\t<div class=\"elementor-element elementor-element-5287c1c elementor-widget elementor-widget-text-editor\" data-id=\"5287c1c\" data-element_type=\"widget\" data-widget_type=\"text-editor.default\">\n\t\t\t\t<div class=\"elementor-widget-container\">\n\t\t\t\t\t\t\t\t\t<p>Via un r\u00e9seau de professionnels ind\u00e9pendants, nous sommes en mesure de vous proposer des prestations compl\u00e9mentaires \u00e0 notre activit\u00e9 :<\/p>\t\t\t\t\t\t\t\t<\/div>\n\t\t\t\t<\/div>\n\t\t\t\t\t<\/div>\n\t\t\t\t<\/div>\n\t\t\t\t<div class=\"elementor-element elementor-element-d896c38 elementor-widget elementor-widget-text-editor\" data-id=\"d896c38\" data-element_type=\"widget\" data-widget_type=\"text-editor.default\">\n\t\t\t\t<div class=\"elementor-widget-container\">\n\t\t\t\t\t\t\t\t\t<ul><li>Shooting photo : corporate, collaborateurs, clients, m\u00e9tiers, \u00e9v\u00e9nements, pour vous constituer une banque image \u00e0 votre image.<\/li><li>Tournage vid\u00e9o : institutionnel ou d\u00e9cal\u00e9, format court adapt\u00e9 \u00e0 tous les supports online. Ou comment dynamiser votre communication.<\/li><li>Cr\u00e9a et graphisme : besoin d\u2019une nouvelle identit\u00e9 visuelle, d\u2019une refonte de votre logo ou d\u2019une cr\u00e9a \u00e9ph\u00e9m\u00e8re ? nous avons toute la cr\u00e9ativit\u00e9 n\u00e9cessaire pour vous y aider !<\/li><li>D\u00e9veloppement de site web : mise \u00e0 jour de site, changement de look ou red\u00e9finition totale.<\/li><\/ul>\t\t\t\t\t\t\t\t<\/div>\n\t\t\t\t<\/div>\n\t\t\t\t\t<\/div>\n\t\t\t\t<\/div>\n\t\t\t\t<\/div>\n\t\t","protected":false},"excerpt":{"rendered":"<p>Prestations \u201cBe yourself ; everyone else is already taken.\u201dOscar Wilde R\u00e9dactionnel. Communication. Accompagnement administratif. Du sur-mesure adapt\u00e9 \u00e0 vos attentes et vos probl\u00e9matiques. Qu\u2019il s\u2019agisse de quelques heures par semaine ou par mois, d\u2019un projet ponctuel ou d\u2019un besoin \u00e0 long terme, nous mettons \u00e0 votre disposition de multiples options pour vous seconder&#8230; R\u00e9dactionnel Trouver [&hellip;]<\/p>\n","protected":false},"author":3,"featured_media":0,"parent":0,"menu_order":0,"comment_status":"closed","ping_status":"closed","template":"","meta":{"footnotes":""},"class_list":["post-32","page","type-page","status-publish","hentry"],"_links":{"self":[{"href":"https:\/\/plumes.agency\/index.php\/wp-json\/wp\/v2\/pages\/32","targetHints":{"allow":["GET"]}}],"collection":[{"href":"https:\/\/plumes.agency\/index.php\/wp-json\/wp\/v2\/pages"}],"about":[{"href":"https:\/\/plumes.agency\/index.php\/wp-json\/wp\/v2\/types\/page"}],"author":[{"embeddable":true,"href":"https:\/\/plumes.agency\/index.php\/wp-json\/wp\/v2\/users\/3"}],"replies":[{"embeddable":true,"href":"https:\/\/plumes.agency\/index.php\/wp-json\/wp\/v2\/comments?post=32"}],"version-history":[{"count":58,"href":"https:\/\/plumes.agency\/index.php\/wp-json\/wp\/v2\/pages\/32\/revisions"}],"predecessor-version":[{"id":1040,"href":"https:\/\/plumes.agency\/index.php\/wp-json\/wp\/v2\/pages\/32\/revisions\/1040"}],"wp:attachment":[{"href":"https:\/\/plumes.agency\/index.php\/wp-json\/wp\/v2\/media?parent=32"}],"curies":[{"name":"wp","href":"https:\/\/api.w.org\/{rel}","templated":true}]}}